{"id":1749,"date":"2021-05-13T08:28:53","date_gmt":"2021-05-13T08:28:53","guid":{"rendered":"https:\/\/toldosmaresme.com\/new\/politica-de-cookies-ue\/"},"modified":"2021-05-25T08:38:17","modified_gmt":"2021-05-25T08:38:17","slug":"politica-de-cookies-ue","status":"publish","type":"page","link":"https:\/\/toldosmaresme.com\/ca\/politica-de-cookies-ue\/","title":{"rendered":"Pol\u00edtica de cookies (UE)"},"content":{"rendered":"La regi\u00f3 EU no est\u00e0 activada per a cookie-statement.\n","protected":false},"excerpt":{"rendered":"","protected":false},"author":1,"featured_media":0,"parent":0,"menu_order":0,"comment_status":"closed","ping_status":"closed","template":"","meta":{"_genesis_hide_title":false,"_genesis_hide_breadcrumbs":false,"_genesis_hide_singular_image":false,"_genesis_hide_footer_widgets":false,"_genesis_custom_body_class":"","_genesis_custom_post_class":"","_genesis_layout":"","footnotes":""},"class_list":{"0":"post-1749","1":"page","2":"type-page","3":"status-publish","5":"entry"},"featured_image_src":null,"featured_image_src_square":null,"_links":{"self":[{"href":"https:\/\/toldosmaresme.com\/ca\/wp-json\/wp\/v2\/pages\/1749","targetHints":{"allow":["GET"]}}],"collection":[{"href":"https:\/\/toldosmaresme.com\/ca\/wp-json\/wp\/v2\/pages"}],"about":[{"href":"https:\/\/toldosmaresme.com\/ca\/wp-json\/wp\/v2\/types\/page"}],"author":[{"embeddable":true,"href":"https:\/\/toldosmaresme.com\/ca\/wp-json\/wp\/v2\/users\/1"}],"replies":[{"embeddable":true,"href":"https:\/\/toldosmaresme.com\/ca\/wp-json\/wp\/v2\/comments?post=1749"}],"version-history":[{"count":1,"href":"https:\/\/toldosmaresme.com\/ca\/wp-json\/wp\/v2\/pages\/1749\/revisions"}],"predecessor-version":[{"id":1750,"href":"https:\/\/toldosmaresme.com\/ca\/wp-json\/wp\/v2\/pages\/1749\/revisions\/1750"}],"wp:attachment":[{"href":"https:\/\/toldosmaresme.com\/ca\/wp-json\/wp\/v2\/media?parent=1749"}],"curies":[{"name":"wp","href":"https:\/\/api.w.org\/{rel}","templated":true}]}}